{"id":5,"date":"2019-09-09T10:36:28","date_gmt":"2019-09-09T08:36:28","guid":{"rendered":"http:\/\/www.ericmainville.com\/?page_id=5"},"modified":"2024-01-24T17:21:31","modified_gmt":"2024-01-24T16:21:31","slug":"a-propos","status":"publish","type":"page","link":"https:\/\/www.ericmainville.com\/index.php\/a-propos\/","title":{"rendered":"\u00c0 propos"},"content":{"rendered":"\n<h4 class=\"wp-block-heading\"><\/h4>\n\n\n\n<p>\u00c9ric Mainville est l&rsquo;auteur de publications en ligne et dans la presse.<\/p>\n\n\n\n<p>Voir sa page <a href=\"https:\/\/www.amazon.fr\/stores\/%C3%89ric-Mainville\/author\/B0CJ5B1RHG?ref=ap_rdr&amp;isDramIntegrated=true&amp;shoppingPortalEnabled=true\" data-type=\"link\" data-id=\"https:\/\/www.amazon.fr\/stores\/%C3%89ric-Mainville\/author\/B0CJ5B1RHG?ref=ap_rdr&amp;isDramIntegrated=true&amp;shoppingPortalEnabled=true\">Amazon<\/a>.<\/p>\n\n\n\n<p>Il a fond\u00e9 en 2005 le blog \u00ab&nbsp;Crise dans les m\u00e9dias.&nbsp;\u00bb Ce site d\u2019analyse \u00e0 \u00e9t\u00e9 d\u00e9sign\u00e9 parmi les meilleurs blogs m\u00e9dias fran\u00e7ais par les magazines <em>Strat\u00e9gies<\/em> et <em>Challenges<\/em> en 2009.<\/p>\n\n\n\n<p>Son profil multipotentiel l&rsquo;oriente vers des domaines vari\u00e9s&nbsp;: la litt\u00e9rature, l\u2019\u00e9criture, mais aussi la spiritualit\u00e9, l\u2019\u00e9cologie et les finances personnelles.<\/p>\n\n\n\n<p>Il poss\u00e8de&nbsp; un dipl\u00f4me d\u2019\u00e9tudes approfondies en litt\u00e9rature fran\u00e7aise. Il est l&rsquo;auteur des m\u00e9moires sur Marguerite Duras et Marie Redonnet et d&rsquo;un guide du blogging.<\/p>\n\n\n\n<p>Il est joueur d\u2019\u00e9checs class\u00e9 international (Fide). Il a contribu\u00e9 \u00e0 fonder la revue du club d&rsquo;\u00e9checs du Mans.<\/p>\n","protected":false},"excerpt":{"rendered":"<p>\u00c9ric Mainville est l&rsquo;auteur de publications en ligne et dans la presse. Voir sa page Amazon. Il a fond\u00e9 en 2005 le blog \u00ab&nbsp;Crise dans les m\u00e9dias.&nbsp;\u00bb Ce site d\u2019analyse \u00e0 \u00e9t\u00e9 d\u00e9sign\u00e9 parmi les meilleurs blogs m\u00e9dias fran\u00e7ais par les magazines Strat\u00e9gies et Challenges en 2009. Son profil multipotentiel l&rsquo;oriente vers des domaines vari\u00e9s&nbsp;: &hellip; <a href=\"https:\/\/www.ericmainville.com\/index.php\/a-propos\/\" class=\"more-link\">Continuer la lecture de <span class=\"screen-reader-text\">\u00c0 propos<\/span><\/a><\/p>\n","protected":false},"author":1,"featured_media":0,"parent":0,"menu_order":0,"comment_status":"closed","ping_status":"closed","template":"","meta":{"footnotes":""},"class_list":["post-5","page","type-page","status-publish","hentry"],"_links":{"self":[{"href":"https:\/\/www.ericmainville.com\/index.php\/wp-json\/wp\/v2\/pages\/5","targetHints":{"allow":["GET"]}}],"collection":[{"href":"https:\/\/www.ericmainville.com\/index.php\/wp-json\/wp\/v2\/pages"}],"about":[{"href":"https:\/\/www.ericmainville.com\/index.php\/wp-json\/wp\/v2\/types\/page"}],"author":[{"embeddable":true,"href":"https:\/\/www.ericmainville.com\/index.php\/wp-json\/wp\/v2\/users\/1"}],"replies":[{"embeddable":true,"href":"https:\/\/www.ericmainville.com\/index.php\/wp-json\/wp\/v2\/comments?post=5"}],"version-history":[{"count":7,"href":"https:\/\/www.ericmainville.com\/index.php\/wp-json\/wp\/v2\/pages\/5\/revisions"}],"predecessor-version":[{"id":112,"href":"https:\/\/www.ericmainville.com\/index.php\/wp-json\/wp\/v2\/pages\/5\/revisions\/112"}],"wp:attachment":[{"href":"https:\/\/www.ericmainville.com\/index.php\/wp-json\/wp\/v2\/media?parent=5"}],"curies":[{"name":"wp","href":"https:\/\/api.w.org\/{rel}","templated":true}]}}